{"id":954,"date":"2023-05-19T21:15:40","date_gmt":"2023-05-19T21:15:40","guid":{"rendered":"https:\/\/alpha.helmnot.com\/?page_id=954"},"modified":"2023-10-10T22:20:55","modified_gmt":"2023-10-10T22:20:55","slug":"impressum","status":"publish","type":"page","link":"https:\/\/helmnot.com\/index.php\/impressum\/","title":{"rendered":"Impressum"},"content":{"rendered":"<p>[et_pb_section fb_built=&#8220;1&#8243; disabled_on=&#8220;on|on|on&#8220; admin_label=&#8220;Untermen\u00fc&#8220; _builder_version=&#8220;4.20.4&#8243; _module_preset=&#8220;default&#8220; background_color=&#8220;rgba(255,255,255,0)&#8220; transform_scale_linked=&#8220;off&#8220; transform_translate=&#8220;0px|-20px&#8220; transform_translate_linked=&#8220;off&#8220; z_index=&#8220;5000&#8243; max_width=&#8220;1920px&#8220; module_alignment=&#8220;center&#8220; custom_margin=&#8220;0px||0px||false|false&#8220; custom_padding=&#8220;0px||0px||true|false&#8220; animation_style=&#8220;slide&#8220; animation_direction=&#8220;left&#8220; animation_duration=&#8220;3000ms&#8220; animation_delay=&#8220;400ms&#8220; sticky_position=&#8220;top&#8220; sticky_offset_top=&#8220;-15px&#8220; disabled=&#8220;on&#8220; global_module=&#8220;1498&#8243; saved_tabs=&#8220;all&#8220; collapsed=&#8220;on&#8220; global_colors_info=&#8220;{}&#8220;][et_pb_row _builder_version=&#8220;4.20.4&#8243; _module_preset=&#8220;default&#8220; z_index=&#8220;500&#8243; width=&#8220;auto&#8220; max_width=&#8220;60%&#8220; module_alignment=&#8220;right&#8220; custom_margin=&#8220;0px||0px||true|false&#8220; custom_padding=&#8220;0px||0px||true|false&#8220; collapsed=&#8220;off&#8220; global_colors_info=&#8220;{}&#8220;][et_pb_column type=&#8220;4_4&#8243; _builder_version=&#8220;4.20.4&#8243; _module_preset=&#8220;default&#8220; global_colors_info=&#8220;{}&#8220;][et_pb_menu menu_id=&#8220;8&#8243; active_link_color=&#8220;#B22156&#8243; disabled_on=&#8220;off|off|off&#8220; _builder_version=&#8220;4.20.4&#8243; _module_preset=&#8220;default&#8220; menu_font=&#8220;|600||on|||||&#8220; menu_text_color=&#8220;#000000&#8243; menu_font_size=&#8220;16px&#8220; background_color=&#8220;#c9c9c9&#8243; transform_translate_linked=&#8220;off&#8220; z_index=&#8220;2000&#8243; text_orientation=&#8220;right&#8220; custom_margin=&#8220;0px||0px||false|false&#8220; custom_padding=&#8220;0px|20px|0px||false|false&#8220; global_colors_info=&#8220;{}&#8220; active_link_color__hover_enabled=&#8220;on|hover&#8220; active_link_color__hover=&#8220;#494949&#8243; menu_text_color__hover_enabled=&#8220;on|hover&#8220; menu_text_color__hover=&#8220;#B22156&#8243;][\/et_pb_menu][\/et_pb_column][\/et_pb_row][\/et_pb_section][et_pb_section fb_built=&#8220;1&#8243; admin_label=&#8220;Datenschutz \u00dcberschrift&#8220; module_id=&#8220;Referenzen&#8220; _builder_version=&#8220;4.20.4&#8243; _module_preset=&#8220;default&#8220; z_index=&#8220;1&#8243; max_width=&#8220;1920px&#8220; module_alignment=&#8220;center&#8220; custom_padding=&#8220;60px||0px||false|false&#8220; collapsed=&#8220;on&#8220; global_colors_info=&#8220;{}&#8220;][et_pb_row use_custom_gutter=&#8220;on&#8220; gutter_width=&#8220;1&#8243; _builder_version=&#8220;4.20.4&#8243; _module_preset=&#8220;default&#8220; max_width=&#8220;1920px&#8220; module_alignment=&#8220;center&#8220; custom_margin=&#8220;0px||||false|false&#8220; custom_padding=&#8220;0px||||false|false&#8220; module_alignment_tablet=&#8220;center&#8220; module_alignment_phone=&#8220;center&#8220; module_alignment_last_edited=&#8220;on|desktop&#8220; global_colors_info=&#8220;{}&#8220;][et_pb_column type=&#8220;4_4&#8243; _builder_version=&#8220;4.20.4&#8243; _module_preset=&#8220;default&#8220; global_colors_info=&#8220;{}&#8220;][et_pb_text admin_label=&#8220;Helmnot Cultura&#8220; _builder_version=&#8220;4.20.4&#8243; _module_preset=&#8220;default&#8220; text_font=&#8220;|800||on|||||&#8220; text_text_color=&#8220;#494949&#8243; text_font_size=&#8220;60px&#8220; header_font=&#8220;|||on|||||&#8220; header_text_align=&#8220;left&#8220; header_text_color=&#8220;#494949&#8243; header_2_font=&#8220;|800||on|||||&#8220; header_2_text_color=&#8220;#494949&#8243; header_2_font_size=&#8220;50px&#8220; max_width_tablet=&#8220;&#8220; max_width_phone=&#8220;&#8220; max_width_last_edited=&#8220;on|tablet&#8220; module_alignment=&#8220;center&#8220; custom_margin=&#8220;||-33px|0px|false|false&#8220; custom_padding=&#8220;|0px||0px|false|true&#8220; custom_padding_tablet=&#8220;0px||0px|0px|false|false&#8220; custom_padding_phone=&#8220;|0px||0px|false|true&#8220; custom_padding_last_edited=&#8220;on|desktop&#8220; text_font_size_tablet=&#8220;40px&#8220; text_font_size_phone=&#8220;20px&#8220; text_font_size_last_edited=&#8220;on|tablet&#8220; global_colors_info=&#8220;{}&#8220;]<\/p>\n<p style=\"text-align: left;\">Im\u00adpres\u00adsum<\/p>\n<p>[\/et_pb_text][\/et_pb_column][\/et_pb_row][\/et_pb_section][et_pb_section fb_built=&#8220;1&#8243; admin_label=&#8220;Datenschutz Text einspaltig &#8220; _builder_version=&#8220;4.20.4&#8243; _module_preset=&#8220;default&#8220; background_enable_color=&#8220;off&#8220; z_index=&#8220;1000&#8243; max_width=&#8220;1920px&#8220; module_alignment=&#8220;center&#8220; border_color_top=&#8220;#d6d6d6&#8243; border_color_bottom=&#8220;#d6d6d6&#8243; collapsed=&#8220;off&#8220; global_colors_info=&#8220;{}&#8220;][et_pb_row use_custom_gutter=&#8220;on&#8220; gutter_width=&#8220;1&#8243; _builder_version=&#8220;4.20.4&#8243; _module_preset=&#8220;default&#8220; width_tablet=&#8220;80%&#8220; width_phone=&#8220;80%&#8220; width_last_edited=&#8220;on|desktop&#8220; max_width=&#8220;1920px&#8220; module_alignment=&#8220;center&#8220; custom_margin=&#8220;0px||||false|false&#8220; custom_padding=&#8220;0px||||false|false&#8220; module_alignment_tablet=&#8220;center&#8220; module_alignment_phone=&#8220;center&#8220; module_alignment_last_edited=&#8220;on|tablet&#8220; global_colors_info=&#8220;{}&#8220;][et_pb_column type=&#8220;4_4&#8243; _builder_version=&#8220;4.20.4&#8243; _module_preset=&#8220;default&#8220; custom_padding=&#8220;0px||25px||false|false&#8220; global_colors_info=&#8220;{}&#8220;][et_pb_text _builder_version=&#8220;4.20.4&#8243; _module_preset=&#8220;default&#8220; text_text_color=&#8220;#494949&#8243; text_font_size=&#8220;20px&#8220; module_alignment=&#8220;center&#8220; custom_margin=&#8220;0px||0px|0px|false|false&#8220; custom_margin_tablet=&#8220;|0px||0px|false|true&#8220; custom_margin_phone=&#8220;|0px||0px|false|true&#8220; custom_margin_last_edited=&#8220;on|phone&#8220; custom_padding=&#8220;0px||26px|0px|false|false&#8220; text_font_size_tablet=&#8220;20px&#8220; text_font_size_phone=&#8220;18px&#8220; text_font_size_last_edited=&#8220;on|phone&#8220; global_colors_info=&#8220;{}&#8220; content__hover_enabled=&#8220;off|desktop&#8220;]<\/p>\n<p>Helmnot e.V.<br \/>Neumarkt 11<br \/>09350 Lichtenstein\/Sachsen<br \/>Deutschland<\/p>\n<p>Telefon: +49 (0) 37204\/6880<br \/>Telefax: +49 (0) 37204\/68899<\/p>\n<p>E-Mail: <a href=\"mailto:contact@helmnot.com\">contact@helmnot.com<\/a><br \/>Website: <a href=\"www.helmnot.com\">www.helmnot.com<\/a><\/p>\n<p>Vertretungsberechtigter Vorstand: Dirk Gr\u00fcnig (Anschrift wie oben)<br \/>Registergericht: Amtsgericht Hohenstein-Ernstthal<br \/>Registernummer: VR 433<br \/>Umsatzsteuer-Identifikationsnummer gem\u00e4\u00df \u00a7 27 a Umsatzsteuergesetz: DE 219 177 888<\/p>\n<p>Inhaltlich Verantwortlicher gem\u00e4\u00df \u00a7 55 Abs. 2 RStV: Dirk Gr\u00fcnig (Anschrift wie oben)<\/p>\n<p>&nbsp;<\/p>\n<p><strong><span style=\"font-size: x-large;\">Haftungsausschluss<\/span><\/strong><\/p>\n<p><strong><span style=\"font-size: x-large;\"><\/span><\/strong><\/p>\n<h3><strong>Inhalte<\/strong><\/h3>\n<p><strong><\/strong><\/p>\n<p>HELMNOT e.V. \u00fcbernimmt trotz sorgf\u00e4ltiger \u00dcberpr\u00fcfung der Inhalte keine Gew\u00e4hr f\u00fcr die Aktualit\u00e4t, Richtigkeit, Vollst\u00e4ndigkeit oder Qualit\u00e4t der bereitgestellten Informationen.<\/p>\n<p>Haftungsanspr\u00fcche gegen HELMNOT e.V., die sich auf Sch\u00e4den materieller oder ideeller Art beziehen, welche durch die Nutzung oder Nichtnutzung der dargebotenen Informationen oder durch fehlerhafte und unvollst\u00e4ndige Informationen verursacht wurden, sind grunds\u00e4tzlich ausgeschlossen, sofern seitens HELMNOT e.V. kein nachweislich vors\u00e4tzliches oder grob fahrl\u00e4ssiges Verschulden vorliegt.<\/p>\n<p>HELMNOT e.V. beh\u00e4lt sich ausdr\u00fccklich das Recht vor, Teile der Seite oder das gesamte Angebot ohne vorherige Ank\u00fcndigung zu ver\u00e4ndern, zu erg\u00e4nzen, zu l\u00f6schen oder die Ver\u00f6ffentlichung einzustellen.<\/p>\n<p><strong><\/strong><\/p>\n<h2><strong>Links<\/strong><\/h2>\n<p><strong><\/strong><\/p>\n<p>Sofern HELMNOT e.V. direkt oder indirekt auf fremde Internetseiten verweist (\u201eLinks\u201d), haftet HELMNOT e.V. nur, wenn er von den Inhalten genaue Kenntnis hat und es ihm technisch m\u00f6glich und zumutbar ist, die Nutzung im Fall rechtswidriger Inhalte zu verhindern.<\/p>\n<p>HELMNOT e.V. erkl\u00e4rt hiermit ausdr\u00fccklich, dass zum Zeitpunkt der Linksetzung die verlinkten Seiten keine illegalen Inhalte enthalten haben. HELMNOT e.V. hat keinerlei Einfluss auf die aktuelle und zuk\u00fcnftige Gestaltung der verlinkten Seiten. HELMNOT e.V. distanziert sich daher hiermit ausdr\u00fccklich von allen inhaltlichen \u00c4nderungen, die nach der Linkssetzung auf den verlinkten Seiten vorgenommen werden.<\/p>\n<p>HELMNOT e.V. ist nicht verantwortlich f\u00fcr den Inhalt, die Verf\u00fcgbarkeit, die Richtigkeit und die Genauigkeit der verlinkten Seiten, deren Angebote, Links oder Werbeanzeigen. HELMNOT e.V. haftet nicht f\u00fcr illegale, fehlerhafte oder unvollst\u00e4ndige Inhalte und insbesondere nicht f\u00fcr Sch\u00e4den, die durch Nutzung oder Nichtnutzung der auf den verlinkten Seiten angebotenen Informationen entstehen.<\/p>\n<p><strong><\/strong><\/p>\n<h3><strong>Urheberrecht<\/strong><\/h3>\n<p><strong><\/strong><\/p>\n<p>HELMNOT e.V. ist bestrebt, in allen Publikationen geltende Urheberrechte zu beachten. Sollte es trotzdem zu einer Urheberrechtsverletzung kommen, wird HELMNOT e.V. das entsprechende Objekt nach Benachrichtigung aus seiner Publikation entfernen bzw. mit dem entsprechenden Urheberrecht kenntlich machen.<br \/>Alle innerhalb des Internetangebots genannten und gegebenenfalls durch Dritte gesch\u00fctzten Marken- und Warenzeichen unterliegen uneingeschr\u00e4nkt den Bestimmungen des jeweils g\u00fcltigen Kennzeichenrechts und den Besitzrechten der jeweiligen eingetragenen Eigent\u00fcmer. Allein aufgrund der blo\u00dfen Nennung ist nicht der Schluss zu ziehen, dass Markenzeichen nicht durch Rechte Dritter gesch\u00fctzt sind.<br \/>Das Urheberecht f\u00fcr die eigenen Inhalte von HELMNOT e.V. auf den Domains www.helmnot.com steht HELMNOT e.V. zu. Eine Vervielf\u00e4ltigung solcher Grafiken, Sounds, Videos oder Texte in anderen elektronischen oder gedruckten Publikationen ist ohne ausdr\u00fcckliche Zustimmung von HELMNOT e.V. nicht gestattet.<\/p>\n<h3><strong><\/strong><\/h3>\n<h3><strong>Datenschutz<\/strong><\/h3>\n<p><strong><\/strong><\/p>\n<p>Bei Formularen (Kontakt, Newsletter, Merkzettel) k\u00f6nnen Sie pers\u00f6nliche und gesch\u00e4ftliche Daten (E-Mail-Adressen, Namen, Anschriften) eingeben. Die Nutzung der angebotenen Serviceleistungen und Dienste seitens des Nutzers erfolgt ausdr\u00fccklich auf freiwilliger Basis.<\/p>\n<p>Wenn Sie Nachrichten \u00fcber die Kontaktformulare an HELMNOT e.V. \u00fcbermitteln, werden die Daten zur Erf\u00fcllung unserer Aufgaben gespeichert und verarbeitet. Es gelten dann die allgemeinen Regelungen f\u00fcr die Datenerhebung und \u2013verarbeitung im Gesch\u00e4ftsverkehr.<\/p>\n<p>HELMNOT e.V. weist darauf hin, dass die Daten\u00fcbertragung im Internet (z.B. bei der Kommunikation per E-Mail) Sicherheitsl\u00fccken aufweisen kann. Ein l\u00fcckenloser Schutz der Daten vor dem Zugriff durch Dritte ist nicht m\u00f6glich.<br \/>Diese Website benutzt Google\u2122 Analytics, einen Webanalysedienst der Google Inc. (\u201cGoogle\u201d). Google Analytics verwendet sog. \u201cCookies\u201d, Textdateien, die auf Ihrem Computer gespeichert werden und die eine Analyse der Benutzung der Website durch Sie erm\u00f6glichen. Die durch den Cookie erzeugten Informationen \u00fcber Ihre Benutzung dieser Website (einschlie\u00dflich Ihrer IP-Adresse) wird an einen Server von Google in den USA \u00fcbertragen und dort gespeichert. Google wird diese Informationen benutzen, um Ihre Nutzung der Website auszuwerten, um Reports \u00fcber die Websiteaktivit\u00e4ten f\u00fcr die Websitebetreiber zusammenzustellen und um weitere mit der Websitenutzung und der Internetnutzung verbundene Dienstleistungen zu erbringen.<\/p>\n<p>Auch wird Google diese Informationen gegebenenfalls an Dritte \u00fcbertragen, sofern dies gesetzlich vorgeschrieben oder soweit Dritte diese Daten im Auftrag von Google verarbeiten. Google wird in keinem Fall Ihre IP-Adresse mit anderen Daten von Google in Verbindung bringen. Sie k\u00f6nnen die Installation der Cookies durch eine entsprechende Einstellung Ihrer Browser Software verhindern; wir weisen Sie jedoch darauf hin, dass Sie in diesem Fall gegebenenfalls nicht s\u00e4mtliche Funktionen dieser Website vollumf\u00e4nglich nutzen k\u00f6nnen. Durch die Nutzung dieser Website erkl\u00e4ren Sie sich mit der Bearbeitung der \u00fcber Sie erhobenen Daten durch Google in der zuvor beschriebenen Art und Weise und zu dem zuvor benannten Zweck einverstanden. Das Deaktivierungs-Add-on f\u00fcr Browser von Google Analytics gibt dem Website-Besucher mehr Kontrolle dar\u00fcber, welche Daten zu aufgerufenen Websites von Google Analytics erfasst werden. Sollten Sie keine Speicherung Ihrer Daten w\u00fcnschen, installieren Sie sich bitte das von Google bereitgestellte De-Aktivierungswerkzeug unter <a href=\"http:\/\/tools.google.com\/dlpage\/gaoptout?hl=de\">http:\/\/tools.google.com\/dlpage\/gaoptout?hl=de<\/a>.<\/p>\n<p>Im Informationsangebot von HELMNOT e.V. k\u00f6nnen Cookies oder JAVA-Applets verwendet werden. Die Verwendung dieser Funktionalit\u00e4ten kann durch Einstellungen des Browserprogramms vom jeweiligen Nutzer ausgeschaltet werden.<\/p>\n<h3><strong><\/strong><\/h3>\n<h3><strong><\/strong><\/h3>\n<h3><strong>Auskunft, Berichtigung, Sperrung und L\u00f6schung Ihrer Daten:<\/strong><\/h3>\n<p><strong><\/strong><\/p>\n<p>Sie haben im Rahmen des Bundesdatenschutzgesetzes ein Recht auf Auskunft sowie ein Recht auf Berichtigung, Sperrung und L\u00f6schung Ihrer gespeicherten Daten.<\/p>\n<p>Der Nutzung von im Rahmen der Impressumspflicht ver\u00f6ffentlichten Kontaktdaten durch Dritte zur \u00dcbersendung von nicht ausdr\u00fccklich angeforderter Werbung und Informationsmaterialien wird hiermit ausdr\u00fccklich widersprochen. Die Betreiber der Seiten behalten sich ausdr\u00fccklich rechtliche Schritte im Falle der unverlangten Zusendung von Werbeinformationen, etwa durch Spam-Mails, vor.<\/p>\n<p>&nbsp;<\/p>\n<h2><strong>Rechtswirksamkeit<\/strong><\/h2>\n<p><strong><\/strong><\/p>\n<p>Dieser Haftungsausschluss ist als Teil des Internetangebots zu betrachten, von dem aus auf diese Seite verwiesen wurde. Sofern Teile oder einzelne Formulierungen dieses Textes der geltenden Rechtslage nicht, nicht mehr oder nicht vollst\u00e4ndig entsprechen sollten, bleiben die \u00fcbrigen Teile des Dokuments in ihrem Inhalt und ihrer G\u00fcltigkeit hiervon unber\u00fchrt.<\/p>\n<p>[\/et_pb_text][\/et_pb_column][\/et_pb_row][\/et_pb_section]<\/p>\n","protected":false},"excerpt":{"rendered":"<p>Im\u00adpres\u00adsumHelmnot e.V.Neumarkt 1109350 Lichtenstein\/SachsenDeutschland Telefon: +49 (0) 37204\/6880Telefax: +49 (0) 37204\/68899 E-Mail: contact@helmnot.comWebsite: www.helmnot.com Vertretungsberechtigter Vorstand: Dirk Gr\u00fcnig (Anschrift wie oben)Registergericht: Amtsgericht Hohenstein-ErnstthalRegisternummer: VR 433Umsatzsteuer-Identifikationsnummer gem\u00e4\u00df \u00a7 27 a Umsatzsteuergesetz: DE 219 177 888 Inhaltlich Verantwortlicher gem\u00e4\u00df \u00a7 55 Abs. 2 RStV: Dirk Gr\u00fcnig (Anschrift wie oben) &nbsp; Haftungsausschluss Inhalte HELMNOT e.V. \u00fcbernimmt trotz sorgf\u00e4ltiger [&hellip;]<\/p>\n","protected":false},"author":1,"featured_media":0,"parent":0,"menu_order":0,"comment_status":"closed","ping_status":"closed","template":"","meta":{"_et_pb_use_builder":"on","_et_pb_old_content":"","_et_gb_content_width":""},"yoast_head":"<!-- This site is optimized with the Yoast SEO plugin v20.11 - https:\/\/yoast.com\/wordpress\/plugins\/seo\/ -->\n<title>Impressum - Helmnot<\/title>\n<meta name=\"description\" content=\"Helmnot e.V. - Neumarkt 11 - 09350 Lichtenstein\/Sachsen - Deutschland - Telefon: +49 (0) 37204\/6880 - E-Mail: contact@helmnot.com - Website: www.helmnot.com\" \/>\n<meta name=\"robots\" content=\"index, follow, max-snippet:-1, max-image-preview:large, max-video-preview:-1\" \/>\n<link rel=\"canonical\" href=\"https:\/\/helmnot.com\/index.php\/impressum\/\" \/>\n<meta property=\"og:locale\" content=\"de_DE\" \/>\n<meta property=\"og:type\" content=\"article\" \/>\n<meta property=\"og:title\" content=\"Impressum - Helmnot\" \/>\n<meta property=\"og:description\" content=\"Helmnot e.V. - Neumarkt 11 - 09350 Lichtenstein\/Sachsen - Deutschland - Telefon: +49 (0) 37204\/6880 - E-Mail: contact@helmnot.com - Website: www.helmnot.com\" \/>\n<meta property=\"og:url\" content=\"https:\/\/helmnot.com\/index.php\/impressum\/\" \/>\n<meta property=\"og:site_name\" content=\"Helmnot\" \/>\n<meta property=\"article:publisher\" content=\"https:\/\/www.facebook.com\/helmnot.theater\" \/>\n<meta property=\"article:modified_time\" content=\"2023-10-10T22:20:55+00:00\" \/>\n<meta name=\"twitter:card\" content=\"summary_large_image\" \/>\n<meta name=\"twitter:label1\" content=\"Gesch\u00e4tzte Lesezeit\" \/>\n\t<meta name=\"twitter:data1\" content=\"6\u00a0Minuten\" \/>\n<script type=\"application\/ld+json\" class=\"yoast-schema-graph\">{\"@context\":\"https:\/\/schema.org\",\"@graph\":[{\"@type\":\"WebPage\",\"@id\":\"https:\/\/helmnot.com\/index.php\/impressum\/\",\"url\":\"https:\/\/helmnot.com\/index.php\/impressum\/\",\"name\":\"Impressum - Helmnot\",\"isPartOf\":{\"@id\":\"https:\/\/helmnot.com\/#website\"},\"datePublished\":\"2023-05-19T21:15:40+00:00\",\"dateModified\":\"2023-10-10T22:20:55+00:00\",\"description\":\"Helmnot e.V. - Neumarkt 11 - 09350 Lichtenstein\/Sachsen - Deutschland - Telefon: +49 (0) 37204\/6880 - E-Mail: contact@helmnot.com - Website: www.helmnot.com\",\"breadcrumb\":{\"@id\":\"https:\/\/helmnot.com\/index.php\/impressum\/#breadcrumb\"},\"inLanguage\":\"de\",\"potentialAction\":[{\"@type\":\"ReadAction\",\"target\":[\"https:\/\/helmnot.com\/index.php\/impressum\/\"]}]},{\"@type\":\"BreadcrumbList\",\"@id\":\"https:\/\/helmnot.com\/index.php\/impressum\/#breadcrumb\",\"itemListElement\":[{\"@type\":\"ListItem\",\"position\":1,\"name\":\"Startseite\",\"item\":\"https:\/\/helmnot.com\/\"},{\"@type\":\"ListItem\",\"position\":2,\"name\":\"Impressum\"}]},{\"@type\":\"WebSite\",\"@id\":\"https:\/\/helmnot.com\/#website\",\"url\":\"https:\/\/helmnot.com\/\",\"name\":\"Helmnot.com\",\"description\":\"Einzigartige Show Acts, Walk Acts und Event Ideen weltweit\",\"publisher\":{\"@id\":\"https:\/\/helmnot.com\/#organization\"},\"potentialAction\":[{\"@type\":\"SearchAction\",\"target\":{\"@type\":\"EntryPoint\",\"urlTemplate\":\"https:\/\/helmnot.com\/?s={search_term_string}\"},\"query-input\":\"required name=search_term_string\"}],\"inLanguage\":\"de\"},{\"@type\":\"Organization\",\"@id\":\"https:\/\/helmnot.com\/#organization\",\"name\":\"HELMNOT THEATER\",\"url\":\"https:\/\/helmnot.com\/\",\"logo\":{\"@type\":\"ImageObject\",\"inLanguage\":\"de\",\"@id\":\"https:\/\/helmnot.com\/#\/schema\/logo\/image\/\",\"url\":\"https:\/\/helmnot.com\/wp-content\/uploads\/2023\/06\/Logo-HELMNOT-THEATER_Teststreifen_RGB-kurz.png\",\"contentUrl\":\"https:\/\/helmnot.com\/wp-content\/uploads\/2023\/06\/Logo-HELMNOT-THEATER_Teststreifen_RGB-kurz.png\",\"width\":562,\"height\":100,\"caption\":\"HELMNOT THEATER\"},\"image\":{\"@id\":\"https:\/\/helmnot.com\/#\/schema\/logo\/image\/\"},\"sameAs\":[\"https:\/\/www.facebook.com\/helmnot.theater\"]}]}<\/script>\n<!-- \/ Yoast SEO plugin. -->","yoast_head_json":{"title":"Impressum - Helmnot","description":"Helmnot e.V. - Neumarkt 11 - 09350 Lichtenstein\/Sachsen - Deutschland - Telefon: +49 (0) 37204\/6880 - E-Mail: contact@helmnot.com - Website: www.helmnot.com","robots":{"index":"index","follow":"follow","max-snippet":"max-snippet:-1","max-image-preview":"max-image-preview:large","max-video-preview":"max-video-preview:-1"},"canonical":"https:\/\/helmnot.com\/index.php\/impressum\/","og_locale":"de_DE","og_type":"article","og_title":"Impressum - Helmnot","og_description":"Helmnot e.V. - Neumarkt 11 - 09350 Lichtenstein\/Sachsen - Deutschland - Telefon: +49 (0) 37204\/6880 - E-Mail: contact@helmnot.com - Website: www.helmnot.com","og_url":"https:\/\/helmnot.com\/index.php\/impressum\/","og_site_name":"Helmnot","article_publisher":"https:\/\/www.facebook.com\/helmnot.theater","article_modified_time":"2023-10-10T22:20:55+00:00","twitter_card":"summary_large_image","twitter_misc":{"Gesch\u00e4tzte Lesezeit":"6\u00a0Minuten"},"schema":{"@context":"https:\/\/schema.org","@graph":[{"@type":"WebPage","@id":"https:\/\/helmnot.com\/index.php\/impressum\/","url":"https:\/\/helmnot.com\/index.php\/impressum\/","name":"Impressum - Helmnot","isPartOf":{"@id":"https:\/\/helmnot.com\/#website"},"datePublished":"2023-05-19T21:15:40+00:00","dateModified":"2023-10-10T22:20:55+00:00","description":"Helmnot e.V. - Neumarkt 11 - 09350 Lichtenstein\/Sachsen - Deutschland - Telefon: +49 (0) 37204\/6880 - E-Mail: contact@helmnot.com - Website: www.helmnot.com","breadcrumb":{"@id":"https:\/\/helmnot.com\/index.php\/impressum\/#breadcrumb"},"inLanguage":"de","potentialAction":[{"@type":"ReadAction","target":["https:\/\/helmnot.com\/index.php\/impressum\/"]}]},{"@type":"BreadcrumbList","@id":"https:\/\/helmnot.com\/index.php\/impressum\/#breadcrumb","itemListElement":[{"@type":"ListItem","position":1,"name":"Startseite","item":"https:\/\/helmnot.com\/"},{"@type":"ListItem","position":2,"name":"Impressum"}]},{"@type":"WebSite","@id":"https:\/\/helmnot.com\/#website","url":"https:\/\/helmnot.com\/","name":"Helmnot.com","description":"Einzigartige Show Acts, Walk Acts und Event Ideen weltweit","publisher":{"@id":"https:\/\/helmnot.com\/#organization"},"potentialAction":[{"@type":"SearchAction","target":{"@type":"EntryPoint","urlTemplate":"https:\/\/helmnot.com\/?s={search_term_string}"},"query-input":"required name=search_term_string"}],"inLanguage":"de"},{"@type":"Organization","@id":"https:\/\/helmnot.com\/#organization","name":"HELMNOT THEATER","url":"https:\/\/helmnot.com\/","logo":{"@type":"ImageObject","inLanguage":"de","@id":"https:\/\/helmnot.com\/#\/schema\/logo\/image\/","url":"https:\/\/helmnot.com\/wp-content\/uploads\/2023\/06\/Logo-HELMNOT-THEATER_Teststreifen_RGB-kurz.png","contentUrl":"https:\/\/helmnot.com\/wp-content\/uploads\/2023\/06\/Logo-HELMNOT-THEATER_Teststreifen_RGB-kurz.png","width":562,"height":100,"caption":"HELMNOT THEATER"},"image":{"@id":"https:\/\/helmnot.com\/#\/schema\/logo\/image\/"},"sameAs":["https:\/\/www.facebook.com\/helmnot.theater"]}]}},"_links":{"self":[{"href":"https:\/\/helmnot.com\/index.php\/wp-json\/wp\/v2\/pages\/954"}],"collection":[{"href":"https:\/\/helmnot.com\/index.php\/wp-json\/wp\/v2\/pages"}],"about":[{"href":"https:\/\/helmnot.com\/index.php\/wp-json\/wp\/v2\/types\/page"}],"author":[{"embeddable":true,"href":"https:\/\/helmnot.com\/index.php\/wp-json\/wp\/v2\/users\/1"}],"replies":[{"embeddable":true,"href":"https:\/\/helmnot.com\/index.php\/wp-json\/wp\/v2\/comments?post=954"}],"version-history":[{"count":18,"href":"https:\/\/helmnot.com\/index.php\/wp-json\/wp\/v2\/pages\/954\/revisions"}],"predecessor-version":[{"id":3537,"href":"https:\/\/helmnot.com\/index.php\/wp-json\/wp\/v2\/pages\/954\/revisions\/3537"}],"wp:attachment":[{"href":"https:\/\/helmnot.com\/index.php\/wp-json\/wp\/v2\/media?parent=954"}],"curies":[{"name":"wp","href":"https:\/\/api.w.org\/{rel}","templated":true}]}}